{"id":84,"date":"2026-02-28T11:01:37","date_gmt":"2026-02-28T11:01:37","guid":{"rendered":"https:\/\/jvs1972.de\/?page_id=84"},"modified":"2026-03-07T11:33:17","modified_gmt":"2026-03-07T11:33:17","slug":"die-jongens","status":"publish","type":"page","link":"https:\/\/jvs1972.de\/index.php\/die-jongens\/","title":{"rendered":"Die Jongens"},"content":{"rendered":"\t\t<div data-elementor-type=\"wp-page\" data-elementor-id=\"84\" class=\"elementor elementor-84\">\n\t\t\t\t<div class=\"elementor-element elementor-element-42cf5fc e-flex e-con-boxed wpr-particle-no wpr-jarallax-no wpr-parallax-no wpr-sticky-section-no e-con e-parent\" data-id=\"42cf5fc\" data-element_type=\"container\">\n\t\t\t\t\t<div class=\"e-con-inner\">\n\t\t\t\t<div class=\"elementor-element elementor-element-d3e0535 elementor-widget elementor-widget-heading\" data-id=\"d3e0535\" data-element_type=\"widget\" data-widget_type=\"heading.default\">\n\t\t\t\t\t<h2 class=\"elementor-heading-title elementor-size-default\">Die Jongens<\/h2>\t\t\t\t<\/div>\n\t\t\t\t\t<\/div>\n\t\t\t\t<\/div>\n\t\t<div class=\"elementor-element elementor-element-b2c6254 e-grid e-con-full wpr-particle-no wpr-jarallax-no wpr-parallax-no wpr-sticky-section-no e-con e-parent\" data-id=\"b2c6254\" data-element_type=\"container\">\n\t\t\t\t<div class=\"elementor-element elementor-element-b5ab88f elementor-position-top elementor-widget elementor-widget-image-box\" data-id=\"b5ab88f\" data-element_type=\"widget\" data-widget_type=\"image-box.default\">\n\t\t\t\t\t<div class=\"elementor-image-box-wrapper\"><figure class=\"elementor-image-box-img\"><img fetchpriority=\"high\" decoding=\"async\" width=\"1204\" height=\"1600\" src=\"https:\/\/jvs1972.de\/wp-content\/uploads\/2026\/02\/Dietmar_2024.jpeg\" class=\"attachment-2048x2048 size-2048x2048 wp-image-101\" alt=\"\" srcset=\"https:\/\/jvs1972.de\/wp-content\/uploads\/2026\/02\/Dietmar_2024.jpeg 1204w, https:\/\/jvs1972.de\/wp-content\/uploads\/2026\/02\/Dietmar_2024-226x300.jpeg 226w, https:\/\/jvs1972.de\/wp-content\/uploads\/2026\/02\/Dietmar_2024-771x1024.jpeg 771w, https:\/\/jvs1972.de\/wp-content\/uploads\/2026\/02\/Dietmar_2024-768x1021.jpeg 768w, https:\/\/jvs1972.de\/wp-content\/uploads\/2026\/02\/Dietmar_2024-1156x1536.jpeg 1156w\" sizes=\"(max-width: 1204px) 100vw, 1204px\" \/><\/figure><div class=\"elementor-image-box-content\"><h3 class=\"elementor-image-box-title\">Oberleutnant Dietmar Hilgers<\/h3><\/div><\/div>\t\t\t\t<\/div>\n\t\t\t\t<div class=\"elementor-element elementor-element-660ee60 elementor-position-top elementor-widget elementor-widget-image-box\" data-id=\"660ee60\" data-element_type=\"widget\" data-widget_type=\"image-box.default\">\n\t\t\t\t\t<div class=\"elementor-image-box-wrapper\"><figure class=\"elementor-image-box-img\"><img decoding=\"async\" src=\"https:\/\/jvs1972.de\/wp-content\/uploads\/elementor\/thumbs\/christian_2024-rjtfecac25easykz8t3u3xxqjhr7wi0lk4k1fpa472.jpeg\" title=\"christian_2024\" alt=\"christian_2024\" loading=\"lazy\" \/><\/figure><div class=\"elementor-image-box-content\"><h3 class=\"elementor-image-box-title\">Leutnant Christian Dietzel<\/h3><\/div><\/div>\t\t\t\t<\/div>\n\t\t\t\t<div class=\"elementor-element elementor-element-a13f760 elementor-position-top elementor-widget elementor-widget-image-box\" data-id=\"a13f760\" data-element_type=\"widget\" data-widget_type=\"image-box.default\">\n\t\t\t\t\t<div class=\"elementor-image-box-wrapper\"><figure class=\"elementor-image-box-img\"><img decoding=\"async\" src=\"https:\/\/jvs1972.de\/wp-content\/uploads\/elementor\/thumbs\/kai_2024-rjtfiioifn46ekiium456vzhl55y42lngsxq7z34ji.jpeg\" title=\"kai_2024\" alt=\"kai_2024\" loading=\"lazy\" \/><\/figure><div class=\"elementor-image-box-content\"><h3 class=\"elementor-image-box-title\">Feldwebel Kai Beilfuss<\/h3><\/div><\/div>\t\t\t\t<\/div>\n\t\t\t\t<\/div>\n\t\t<div class=\"elementor-element elementor-element-0d62014 e-grid e-con-full wpr-particle-no wpr-jarallax-no wpr-parallax-no wpr-sticky-section-no e-con e-parent\" data-id=\"0d62014\" data-element_type=\"container\">\n\t\t\t\t<div class=\"elementor-element elementor-element-e421981 elementor-position-top elementor-widget elementor-widget-image-box\" data-id=\"e421981\" data-element_type=\"widget\" data-widget_type=\"image-box.default\">\n\t\t\t\t\t<div class=\"elementor-image-box-wrapper\"><figure class=\"elementor-image-box-img\"><img decoding=\"async\" width=\"1204\" height=\"1600\" src=\"https:\/\/jvs1972.de\/wp-content\/uploads\/2026\/02\/thomas_2024.jpeg\" class=\"attachment-2048x2048 size-2048x2048 wp-image-107\" alt=\"\" srcset=\"https:\/\/jvs1972.de\/wp-content\/uploads\/2026\/02\/thomas_2024.jpeg 1204w, https:\/\/jvs1972.de\/wp-content\/uploads\/2026\/02\/thomas_2024-226x300.jpeg 226w, https:\/\/jvs1972.de\/wp-content\/uploads\/2026\/02\/thomas_2024-771x1024.jpeg 771w, https:\/\/jvs1972.de\/wp-content\/uploads\/2026\/02\/thomas_2024-768x1021.jpeg 768w, https:\/\/jvs1972.de\/wp-content\/uploads\/2026\/02\/thomas_2024-1156x1536.jpeg 1156w\" sizes=\"(max-width: 1204px) 100vw, 1204px\" \/><\/figure><div class=\"elementor-image-box-content\"><h3 class=\"elementor-image-box-title\"> Stabsunteroffizier Thomas B\u00fcsdorf<\/h3><\/div><\/div>\t\t\t\t<\/div>\n\t\t\t\t<div class=\"elementor-element elementor-element-14b08bc elementor-position-top elementor-widget elementor-widget-image-box\" data-id=\"14b08bc\" data-element_type=\"widget\" data-widget_type=\"image-box.default\">\n\t\t\t\t\t<div class=\"elementor-image-box-wrapper\"><figure class=\"elementor-image-box-img\"><img decoding=\"async\" width=\"1204\" height=\"1600\" src=\"https:\/\/jvs1972.de\/wp-content\/uploads\/2026\/02\/carsten_2024.jpeg\" class=\"attachment-2048x2048 size-2048x2048 wp-image-108\" alt=\"\" srcset=\"https:\/\/jvs1972.de\/wp-content\/uploads\/2026\/02\/carsten_2024.jpeg 1204w, https:\/\/jvs1972.de\/wp-content\/uploads\/2026\/02\/carsten_2024-226x300.jpeg 226w, https:\/\/jvs1972.de\/wp-content\/uploads\/2026\/02\/carsten_2024-771x1024.jpeg 771w, https:\/\/jvs1972.de\/wp-content\/uploads\/2026\/02\/carsten_2024-768x1021.jpeg 768w, https:\/\/jvs1972.de\/wp-content\/uploads\/2026\/02\/carsten_2024-1156x1536.jpeg 1156w\" sizes=\"(max-width: 1204px) 100vw, 1204px\" \/><\/figure><div class=\"elementor-image-box-content\"><h3 class=\"elementor-image-box-title\"> Stabsunteroffizier Carsten Beilfuss<\/h3><\/div><\/div>\t\t\t\t<\/div>\n\t\t\t\t<div class=\"elementor-element elementor-element-ebee5f3 elementor-position-top elementor-widget elementor-widget-image-box\" data-id=\"ebee5f3\" data-element_type=\"widget\" data-widget_type=\"image-box.default\">\n\t\t\t\t\t<div class=\"elementor-image-box-wrapper\"><figure class=\"elementor-image-box-img\"><img loading=\"lazy\" decoding=\"async\" width=\"1200\" height=\"1600\" src=\"https:\/\/jvs1972.de\/wp-content\/uploads\/2026\/02\/wolfgang_2024.jpeg\" class=\"attachment-2048x2048 size-2048x2048 wp-image-238\" alt=\"\" srcset=\"https:\/\/jvs1972.de\/wp-content\/uploads\/2026\/02\/wolfgang_2024.jpeg 1200w, https:\/\/jvs1972.de\/wp-content\/uploads\/2026\/02\/wolfgang_2024-225x300.jpeg 225w, https:\/\/jvs1972.de\/wp-content\/uploads\/2026\/02\/wolfgang_2024-768x1024.jpeg 768w, https:\/\/jvs1972.de\/wp-content\/uploads\/2026\/02\/wolfgang_2024-1152x1536.jpeg 1152w\" sizes=\"(max-width: 1200px) 100vw, 1200px\" \/><\/figure><div class=\"elementor-image-box-content\"><h3 class=\"elementor-image-box-title\">Stabsunteroffizier Wolfgang Gerhard<\/h3><\/div><\/div>\t\t\t\t<\/div>\n\t\t\t\t<\/div>\n\t\t<div class=\"elementor-element elementor-element-4eeff70 e-grid e-con-full wpr-particle-no wpr-jarallax-no wpr-parallax-no wpr-sticky-section-no e-con e-parent\" data-id=\"4eeff70\" data-element_type=\"container\">\n\t\t\t\t<div class=\"elementor-element elementor-element-79ef756 elementor-position-top elementor-widget elementor-widget-image-box\" data-id=\"79ef756\" data-element_type=\"widget\" data-widget_type=\"image-box.default\">\n\t\t\t\t\t<div class=\"elementor-image-box-wrapper\"><figure class=\"elementor-image-box-img\"><img loading=\"lazy\" decoding=\"async\" width=\"1204\" height=\"1600\" src=\"https:\/\/jvs1972.de\/wp-content\/uploads\/2026\/02\/juergen_2024.jpeg\" class=\"attachment-2048x2048 size-2048x2048 wp-image-242\" alt=\"\" srcset=\"https:\/\/jvs1972.de\/wp-content\/uploads\/2026\/02\/juergen_2024.jpeg 1204w, https:\/\/jvs1972.de\/wp-content\/uploads\/2026\/02\/juergen_2024-226x300.jpeg 226w, https:\/\/jvs1972.de\/wp-content\/uploads\/2026\/02\/juergen_2024-771x1024.jpeg 771w, https:\/\/jvs1972.de\/wp-content\/uploads\/2026\/02\/juergen_2024-768x1021.jpeg 768w, https:\/\/jvs1972.de\/wp-content\/uploads\/2026\/02\/juergen_2024-1156x1536.jpeg 1156w\" sizes=\"(max-width: 1204px) 100vw, 1204px\" \/><\/figure><div class=\"elementor-image-box-content\"><h3 class=\"elementor-image-box-title\"> Stabsunteroffizier J\u00fcrgen Hilgers<\/h3><\/div><\/div>\t\t\t\t<\/div>\n\t\t\t\t<div class=\"elementor-element elementor-element-18ac83e elementor-position-top elementor-widget elementor-widget-image-box\" data-id=\"18ac83e\" data-element_type=\"widget\" data-widget_type=\"image-box.default\">\n\t\t\t\t\t<div class=\"elementor-image-box-wrapper\"><figure class=\"elementor-image-box-img\"><img loading=\"lazy\" decoding=\"async\" width=\"1204\" height=\"1600\" src=\"https:\/\/jvs1972.de\/wp-content\/uploads\/2026\/02\/herbert_2024.jpeg\" class=\"attachment-2048x2048 size-2048x2048 wp-image-111\" alt=\"\" srcset=\"https:\/\/jvs1972.de\/wp-content\/uploads\/2026\/02\/herbert_2024.jpeg 1204w, https:\/\/jvs1972.de\/wp-content\/uploads\/2026\/02\/herbert_2024-226x300.jpeg 226w, https:\/\/jvs1972.de\/wp-content\/uploads\/2026\/02\/herbert_2024-771x1024.jpeg 771w, https:\/\/jvs1972.de\/wp-content\/uploads\/2026\/02\/herbert_2024-768x1021.jpeg 768w, https:\/\/jvs1972.de\/wp-content\/uploads\/2026\/02\/herbert_2024-1156x1536.jpeg 1156w\" sizes=\"(max-width: 1204px) 100vw, 1204px\" \/><\/figure><div class=\"elementor-image-box-content\"><h3 class=\"elementor-image-box-title\"> Unteroffizier Herbert Dietzel<\/h3><\/div><\/div>\t\t\t\t<\/div>\n\t\t\t\t<div class=\"elementor-element elementor-element-322fcdd elementor-position-top elementor-widget elementor-widget-image-box\" data-id=\"322fcdd\" data-element_type=\"widget\" data-widget_type=\"image-box.default\">\n\t\t\t\t\t<div class=\"elementor-image-box-wrapper\"><figure class=\"elementor-image-box-img\"><img loading=\"lazy\" decoding=\"async\" width=\"1204\" height=\"1600\" src=\"https:\/\/jvs1972.de\/wp-content\/uploads\/2026\/02\/sebastian_2024.jpeg\" class=\"attachment-2048x2048 size-2048x2048 wp-image-112\" alt=\"\" srcset=\"https:\/\/jvs1972.de\/wp-content\/uploads\/2026\/02\/sebastian_2024.jpeg 1204w, https:\/\/jvs1972.de\/wp-content\/uploads\/2026\/02\/sebastian_2024-226x300.jpeg 226w, https:\/\/jvs1972.de\/wp-content\/uploads\/2026\/02\/sebastian_2024-771x1024.jpeg 771w, https:\/\/jvs1972.de\/wp-content\/uploads\/2026\/02\/sebastian_2024-768x1021.jpeg 768w, https:\/\/jvs1972.de\/wp-content\/uploads\/2026\/02\/sebastian_2024-1156x1536.jpeg 1156w\" sizes=\"(max-width: 1204px) 100vw, 1204px\" \/><\/figure><div class=\"elementor-image-box-content\"><h3 class=\"elementor-image-box-title\">Unteroffizier Sebastian Hilgers<\/h3><\/div><\/div>\t\t\t\t<\/div>\n\t\t\t\t<\/div>\n\t\t<div class=\"elementor-element elementor-element-381b1d9 e-grid e-con-full wpr-particle-no wpr-jarallax-no wpr-parallax-no wpr-sticky-section-no e-con e-parent\" data-id=\"381b1d9\" data-element_type=\"container\">\n\t\t\t\t<div class=\"elementor-element elementor-element-5f4c682 elementor-position-top elementor-widget elementor-widget-image-box\" data-id=\"5f4c682\" data-element_type=\"widget\" data-widget_type=\"image-box.default\">\n\t\t\t\t\t<div class=\"elementor-image-box-wrapper\"><figure class=\"elementor-image-box-img\"><img loading=\"lazy\" decoding=\"async\" width=\"1204\" height=\"1600\" src=\"https:\/\/jvs1972.de\/wp-content\/uploads\/2026\/02\/jens_2024.jpeg\" class=\"attachment-2048x2048 size-2048x2048 wp-image-122\" alt=\"\" srcset=\"https:\/\/jvs1972.de\/wp-content\/uploads\/2026\/02\/jens_2024.jpeg 1204w, https:\/\/jvs1972.de\/wp-content\/uploads\/2026\/02\/jens_2024-226x300.jpeg 226w, https:\/\/jvs1972.de\/wp-content\/uploads\/2026\/02\/jens_2024-771x1024.jpeg 771w, https:\/\/jvs1972.de\/wp-content\/uploads\/2026\/02\/jens_2024-768x1021.jpeg 768w, https:\/\/jvs1972.de\/wp-content\/uploads\/2026\/02\/jens_2024-1156x1536.jpeg 1156w\" sizes=\"(max-width: 1204px) 100vw, 1204px\" \/><\/figure><div class=\"elementor-image-box-content\"><h3 class=\"elementor-image-box-title\"> H\u00f6nes und Unteroffizier Jens Gerhard<\/h3><\/div><\/div>\t\t\t\t<\/div>\n\t\t\t\t<div class=\"elementor-element elementor-element-66e0583 elementor-position-top elementor-widget elementor-widget-image-box\" data-id=\"66e0583\" data-element_type=\"widget\" data-widget_type=\"image-box.default\">\n\t\t\t\t\t<div class=\"elementor-image-box-wrapper\"><figure class=\"elementor-image-box-img\"><img loading=\"lazy\" decoding=\"async\" width=\"1204\" height=\"1600\" src=\"https:\/\/jvs1972.de\/wp-content\/uploads\/2026\/02\/julian_2024.jpeg\" class=\"attachment-2048x2048 size-2048x2048 wp-image-123\" alt=\"\" srcset=\"https:\/\/jvs1972.de\/wp-content\/uploads\/2026\/02\/julian_2024.jpeg 1204w, https:\/\/jvs1972.de\/wp-content\/uploads\/2026\/02\/julian_2024-226x300.jpeg 226w, https:\/\/jvs1972.de\/wp-content\/uploads\/2026\/02\/julian_2024-771x1024.jpeg 771w, https:\/\/jvs1972.de\/wp-content\/uploads\/2026\/02\/julian_2024-768x1021.jpeg 768w, https:\/\/jvs1972.de\/wp-content\/uploads\/2026\/02\/julian_2024-1156x1536.jpeg 1156w\" sizes=\"(max-width: 1204px) 100vw, 1204px\" \/><\/figure><div class=\"elementor-image-box-content\"><h3 class=\"elementor-image-box-title\"> H\u00f6nes und Gefreiter Julian Hilgers<\/h3><\/div><\/div>\t\t\t\t<\/div>\n\t\t\t\t<div class=\"elementor-element elementor-element-e54a478 elementor-position-top elementor-widget elementor-widget-image-box\" data-id=\"e54a478\" data-element_type=\"widget\" data-widget_type=\"image-box.default\">\n\t\t\t\t\t<div class=\"elementor-image-box-wrapper\"><figure class=\"elementor-image-box-img\"><img loading=\"lazy\" decoding=\"async\" width=\"1204\" height=\"1600\" src=\"https:\/\/jvs1972.de\/wp-content\/uploads\/2026\/02\/stefan_2024.jpeg\" class=\"attachment-2048x2048 size-2048x2048 wp-image-124\" alt=\"\" srcset=\"https:\/\/jvs1972.de\/wp-content\/uploads\/2026\/02\/stefan_2024.jpeg 1204w, https:\/\/jvs1972.de\/wp-content\/uploads\/2026\/02\/stefan_2024-226x300.jpeg 226w, https:\/\/jvs1972.de\/wp-content\/uploads\/2026\/02\/stefan_2024-771x1024.jpeg 771w, https:\/\/jvs1972.de\/wp-content\/uploads\/2026\/02\/stefan_2024-768x1021.jpeg 768w, https:\/\/jvs1972.de\/wp-content\/uploads\/2026\/02\/stefan_2024-1156x1536.jpeg 1156w\" sizes=\"(max-width: 1204px) 100vw, 1204px\" \/><\/figure><div class=\"elementor-image-box-content\"><h3 class=\"elementor-image-box-title\">Obergefreiter Stefan Beilfuss<\/h3><\/div><\/div>\t\t\t\t<\/div>\n\t\t\t\t<\/div>\n\t\t<div class=\"elementor-element elementor-element-1fa9b39 e-grid e-con-full wpr-particle-no wpr-jarallax-no wpr-parallax-no wpr-sticky-section-no e-con e-parent\" data-id=\"1fa9b39\" data-element_type=\"container\">\n\t\t\t\t<div class=\"elementor-element elementor-element-432dfb8 elementor-position-top elementor-widget elementor-widget-image-box\" data-id=\"432dfb8\" data-element_type=\"widget\" data-widget_type=\"image-box.default\">\n\t\t\t\t\t<div class=\"elementor-image-box-wrapper\"><figure class=\"elementor-image-box-img\"><img loading=\"lazy\" decoding=\"async\" width=\"1204\" height=\"1600\" src=\"https:\/\/jvs1972.de\/wp-content\/uploads\/2026\/02\/tim_2024.jpeg\" class=\"attachment-2048x2048 size-2048x2048 wp-image-125\" alt=\"\" srcset=\"https:\/\/jvs1972.de\/wp-content\/uploads\/2026\/02\/tim_2024.jpeg 1204w, https:\/\/jvs1972.de\/wp-content\/uploads\/2026\/02\/tim_2024-226x300.jpeg 226w, https:\/\/jvs1972.de\/wp-content\/uploads\/2026\/02\/tim_2024-771x1024.jpeg 771w, https:\/\/jvs1972.de\/wp-content\/uploads\/2026\/02\/tim_2024-768x1021.jpeg 768w, https:\/\/jvs1972.de\/wp-content\/uploads\/2026\/02\/tim_2024-1156x1536.jpeg 1156w\" sizes=\"(max-width: 1204px) 100vw, 1204px\" \/><\/figure><div class=\"elementor-image-box-content\"><h3 class=\"elementor-image-box-title\">Gefreiter Tim B\u00fcsdorf<\/h3><\/div><\/div>\t\t\t\t<\/div>\n\t\t\t\t<div class=\"elementor-element elementor-element-1615640 elementor-position-top elementor-widget elementor-widget-image-box\" data-id=\"1615640\" data-element_type=\"widget\" data-widget_type=\"image-box.default\">\n\t\t\t\t\t<div class=\"elementor-image-box-wrapper\"><figure class=\"elementor-image-box-img\"><img loading=\"lazy\" decoding=\"async\" width=\"1204\" height=\"1600\" src=\"https:\/\/jvs1972.de\/wp-content\/uploads\/2026\/02\/joshua_2024.jpeg\" class=\"attachment-2048x2048 size-2048x2048 wp-image-126\" alt=\"\" srcset=\"https:\/\/jvs1972.de\/wp-content\/uploads\/2026\/02\/joshua_2024.jpeg 1204w, https:\/\/jvs1972.de\/wp-content\/uploads\/2026\/02\/joshua_2024-226x300.jpeg 226w, https:\/\/jvs1972.de\/wp-content\/uploads\/2026\/02\/joshua_2024-771x1024.jpeg 771w, https:\/\/jvs1972.de\/wp-content\/uploads\/2026\/02\/joshua_2024-768x1021.jpeg 768w, https:\/\/jvs1972.de\/wp-content\/uploads\/2026\/02\/joshua_2024-1156x1536.jpeg 1156w\" sizes=\"(max-width: 1204px) 100vw, 1204px\" \/><\/figure><div class=\"elementor-image-box-content\"><h3 class=\"elementor-image-box-title\">J\u00e4ger Joshua Hilgers<\/h3><\/div><\/div>\t\t\t\t<\/div>\n\t\t\t\t<div class=\"elementor-element elementor-element-284e753 elementor-position-top elementor-widget elementor-widget-image-box\" data-id=\"284e753\" data-element_type=\"widget\" data-widget_type=\"image-box.default\">\n\t\t\t\t\t<div class=\"elementor-image-box-wrapper\"><figure class=\"elementor-image-box-img\"><img loading=\"lazy\" decoding=\"async\" width=\"1204\" height=\"1600\" src=\"https:\/\/jvs1972.de\/wp-content\/uploads\/2026\/02\/lukas_2024.jpeg\" class=\"attachment-2048x2048 size-2048x2048 wp-image-127\" alt=\"\" srcset=\"https:\/\/jvs1972.de\/wp-content\/uploads\/2026\/02\/lukas_2024.jpeg 1204w, https:\/\/jvs1972.de\/wp-content\/uploads\/2026\/02\/lukas_2024-226x300.jpeg 226w, https:\/\/jvs1972.de\/wp-content\/uploads\/2026\/02\/lukas_2024-771x1024.jpeg 771w, https:\/\/jvs1972.de\/wp-content\/uploads\/2026\/02\/lukas_2024-768x1021.jpeg 768w, https:\/\/jvs1972.de\/wp-content\/uploads\/2026\/02\/lukas_2024-1156x1536.jpeg 1156w\" sizes=\"(max-width: 1204px) 100vw, 1204px\" \/><\/figure><div class=\"elementor-image-box-content\"><h3 class=\"elementor-image-box-title\">J\u00e4ger Lukas Beilfuss<\/h3><\/div><\/div>\t\t\t\t<\/div>\n\t\t\t\t<div class=\"elementor-element elementor-element-3724f56 elementor-widget elementor-widget-text-editor\" data-id=\"3724f56\" data-element_type=\"widget\" data-widget_type=\"text-editor.default\">\n\t\t\t\t\t\t\t\t\t<p>haodhahd<\/p>\t\t\t\t\t\t\t\t<\/div>\n\t\t\t\t<\/div>\n\t\t\t\t<\/div>\n\t\t","protected":false},"excerpt":{"rendered":"<p>Die Jongens Oberleutnant Dietmar Hilgers Leutnant Christian Dietzel Feldwebel Kai Beilfuss Stabsunteroffizier Thomas B\u00fcsdorf Stabsunteroffizier Carsten Beilfuss Stabsunteroffizier Wolfgang Gerhard Stabsunteroffizier J\u00fcrgen Hilgers Unteroffizier Herbert Dietzel Unteroffizier Sebastian Hilgers H\u00f6nes und Unteroffizier Jens Gerhard H\u00f6nes und Gefreiter Julian Hilgers Obergefreiter Stefan Beilfuss Gefreiter Tim B\u00fcsdorf J\u00e4ger Joshua Hilgers J\u00e4ger Lukas Beilfuss haodhahd<\/p>\n","protected":false},"author":1,"featured_media":0,"parent":0,"menu_order":0,"comment_status":"closed","ping_status":"closed","template":"elementor_canvas","meta":{"footnotes":""},"class_list":["post-84","page","type-page","status-publish","hentry"],"_links":{"self":[{"href":"https:\/\/jvs1972.de\/index.php\/wp-json\/wp\/v2\/pages\/84","targetHints":{"allow":["GET"]}}],"collection":[{"href":"https:\/\/jvs1972.de\/index.php\/wp-json\/wp\/v2\/pages"}],"about":[{"href":"https:\/\/jvs1972.de\/index.php\/wp-json\/wp\/v2\/types\/page"}],"author":[{"embeddable":true,"href":"https:\/\/jvs1972.de\/index.php\/wp-json\/wp\/v2\/users\/1"}],"replies":[{"embeddable":true,"href":"https:\/\/jvs1972.de\/index.php\/wp-json\/wp\/v2\/comments?post=84"}],"version-history":[{"count":31,"href":"https:\/\/jvs1972.de\/index.php\/wp-json\/wp\/v2\/pages\/84\/revisions"}],"predecessor-version":[{"id":279,"href":"https:\/\/jvs1972.de\/index.php\/wp-json\/wp\/v2\/pages\/84\/revisions\/279"}],"wp:attachment":[{"href":"https:\/\/jvs1972.de\/index.php\/wp-json\/wp\/v2\/media?parent=84"}],"curies":[{"name":"wp","href":"https:\/\/api.w.org\/{rel}","templated":true}]}}