{"id":222,"date":"2026-02-28T16:08:19","date_gmt":"2026-02-28T16:08:19","guid":{"rendered":"https:\/\/jvs1972.de\/?page_id=222"},"modified":"2026-03-07T11:38:33","modified_gmt":"2026-03-07T11:38:33","slug":"zugkoenig-2025-26","status":"publish","type":"page","link":"https:\/\/jvs1972.de\/index.php\/zugkoenig-2025-26\/","title":{"rendered":"Zugk\u00f6nig 2025-26"},"content":{"rendered":"\t\t<div data-elementor-type=\"wp-page\" data-elementor-id=\"222\" class=\"elementor elementor-222\">\n\t\t\t\t<div class=\"elementor-element elementor-element-d16f0c2 e-flex e-con-boxed wpr-particle-no wpr-jarallax-no wpr-parallax-no wpr-sticky-section-no e-con e-parent\" data-id=\"d16f0c2\" data-element_type=\"container\">\n\t\t\t\t\t<div class=\"e-con-inner\">\n\t\t\t\t<div class=\"elementor-element elementor-element-c03fae5 elementor-widget elementor-widget-heading\" data-id=\"c03fae5\" data-element_type=\"widget\" data-widget_type=\"heading.default\">\n\t\t\t\t\t<h2 class=\"elementor-heading-title elementor-size-default\">Zugk\u00f6nig 2025-26<\/h2>\t\t\t\t<\/div>\n\t\t\t\t\t<\/div>\n\t\t\t\t<\/div>\n\t\t<div class=\"elementor-element elementor-element-21ad837 e-flex e-con-boxed wpr-particle-no wpr-jarallax-no wpr-parallax-no wpr-sticky-section-no e-con e-parent\" data-id=\"21ad837\" data-element_type=\"container\">\n\t\t\t\t\t<div class=\"e-con-inner\">\n\t\t\t\t<div class=\"elementor-element elementor-element-42e3b13 elementor-position-top elementor-widget elementor-widget-image-box\" data-id=\"42e3b13\" data-element_type=\"widget\" data-widget_type=\"image-box.default\">\n\t\t\t\t\t<div class=\"elementor-image-box-wrapper\"><figure class=\"elementor-image-box-img\"><img fetchpriority=\"high\" decoding=\"async\" width=\"1536\" height=\"1536\" src=\"https:\/\/jvs1972.de\/wp-content\/uploads\/2026\/02\/joshua_koenig.jpeg\" class=\"attachment-full size-full wp-image-224\" alt=\"\" srcset=\"https:\/\/jvs1972.de\/wp-content\/uploads\/2026\/02\/joshua_koenig.jpeg 1536w, https:\/\/jvs1972.de\/wp-content\/uploads\/2026\/02\/joshua_koenig-300x300.jpeg 300w, https:\/\/jvs1972.de\/wp-content\/uploads\/2026\/02\/joshua_koenig-1024x1024.jpeg 1024w, https:\/\/jvs1972.de\/wp-content\/uploads\/2026\/02\/joshua_koenig-150x150.jpeg 150w, https:\/\/jvs1972.de\/wp-content\/uploads\/2026\/02\/joshua_koenig-768x768.jpeg 768w\" sizes=\"(max-width: 1536px) 100vw, 1536px\" \/><\/figure><\/div>\t\t\t\t<\/div>\n\t\t\t\t\t<\/div>\n\t\t\t\t<\/div>\n\t\t<div class=\"elementor-element elementor-element-0a17440 e-flex e-con-boxed wpr-particle-no wpr-jarallax-no wpr-parallax-no wpr-sticky-section-no e-con e-parent\" data-id=\"0a17440\" data-element_type=\"container\">\n\t\t\t\t\t<div class=\"e-con-inner\">\n\t\t\t\t<div class=\"elementor-element elementor-element-2e3b139 elementor-widget elementor-widget-text-editor\" data-id=\"2e3b139\" data-element_type=\"widget\" data-widget_type=\"text-editor.default\">\n\t\t\t\t\t\t\t\t\t<p style=\"text-align: center;\"><span style=\"color: #000000;\">Wie jedes Jahr, am ersten Mittwoch nach dem Sch\u00fctzenfest \u2013 fast schon eine Tradition \u2013 fand am 5. September 2025 erneut unser spannendes K\u00f6nigsschie\u00dfen im Vereinslokal Haus Obererft statt.<\/span><\/p><p style=\"text-align: center;\"><span style=\"color: #000000;\">Bei einem packenden Wettkampf traten die Kameraden Kai Beilfuss, Julian Hilgers und Joshua Hilgers gegeneinander an. Mit Geschick und dem entscheidenden X. Schuss sicherte sich Joshua die K\u00f6nigskette nach Julian.<\/span><\/p><p style=\"text-align: center;\"><span style=\"color: #000000;\">Wir gratulieren Joshua I. und Manuela I. herzlich und w\u00fcnschen ihnen ein unvergessliches K\u00f6nigsjahr 2025\u20132026!<\/span><\/p>\t\t\t\t\t\t\t\t<\/div>\n\t\t\t\t\t<\/div>\n\t\t\t\t<\/div>\n\t\t\t\t<\/div>\n\t\t","protected":false},"excerpt":{"rendered":"<p>Zugk\u00f6nig 2025-26 Wie jedes Jahr, am ersten Mittwoch nach dem Sch\u00fctzenfest \u2013 fast schon eine Tradition \u2013 fand am 5. September 2025 erneut unser spannendes K\u00f6nigsschie\u00dfen im Vereinslokal Haus Obererft statt. Bei einem packenden Wettkampf traten die Kameraden Kai Beilfuss, Julian Hilgers und Joshua Hilgers gegeneinander an. Mit Geschick und dem entscheidenden X. Schuss sicherte sich Joshua die K\u00f6nigskette nach Julian. Wir gratulieren Joshua I. und Manuela I. herzlich und w\u00fcnschen ihnen ein unvergessliches K\u00f6nigsjahr 2025\u20132026!<\/p>\n","protected":false},"author":1,"featured_media":0,"parent":0,"menu_order":0,"comment_status":"closed","ping_status":"closed","template":"elementor_canvas","meta":{"footnotes":""},"class_list":["post-222","page","type-page","status-publish","hentry"],"_links":{"self":[{"href":"https:\/\/jvs1972.de\/index.php\/wp-json\/wp\/v2\/pages\/222","targetHints":{"allow":["GET"]}}],"collection":[{"href":"https:\/\/jvs1972.de\/index.php\/wp-json\/wp\/v2\/pages"}],"about":[{"href":"https:\/\/jvs1972.de\/index.php\/wp-json\/wp\/v2\/types\/page"}],"author":[{"embeddable":true,"href":"https:\/\/jvs1972.de\/index.php\/wp-json\/wp\/v2\/users\/1"}],"replies":[{"embeddable":true,"href":"https:\/\/jvs1972.de\/index.php\/wp-json\/wp\/v2\/comments?post=222"}],"version-history":[{"count":7,"href":"https:\/\/jvs1972.de\/index.php\/wp-json\/wp\/v2\/pages\/222\/revisions"}],"predecessor-version":[{"id":286,"href":"https:\/\/jvs1972.de\/index.php\/wp-json\/wp\/v2\/pages\/222\/revisions\/286"}],"wp:attachment":[{"href":"https:\/\/jvs1972.de\/index.php\/wp-json\/wp\/v2\/media?parent=222"}],"curies":[{"name":"wp","href":"https:\/\/api.w.org\/{rel}","templated":true}]}}