{"id":150,"date":"2026-02-28T12:35:58","date_gmt":"2026-02-28T12:35:58","guid":{"rendered":"https:\/\/jvs1972.de\/?page_id=150"},"modified":"2026-04-10T16:23:02","modified_gmt":"2026-04-10T16:23:02","slug":"aktuelles","status":"publish","type":"page","link":"https:\/\/jvs1972.de\/index.php\/aktuelles\/","title":{"rendered":"Aktuelles"},"content":{"rendered":"\t\t<div data-elementor-type=\"wp-page\" data-elementor-id=\"150\" class=\"elementor elementor-150\">\n\t\t\t\t<div class=\"elementor-element elementor-element-4a6e5e3 e-flex e-con-boxed wpr-particle-no wpr-jarallax-no wpr-parallax-no wpr-sticky-section-no e-con e-parent\" data-id=\"4a6e5e3\" data-element_type=\"container\">\n\t\t\t\t\t<div class=\"e-con-inner\">\n\t\t\t\t<div class=\"elementor-element elementor-element-d8dd6c8 elementor-widget elementor-widget-heading\" data-id=\"d8dd6c8\" data-element_type=\"widget\" data-widget_type=\"heading.default\">\n\t\t\t\t\t<h2 class=\"elementor-heading-title elementor-size-default\">Termine 2026<\/h2>\t\t\t\t<\/div>\n\t\t\t\t<div class=\"elementor-element elementor-element-9742178 elementor-widget elementor-widget-text-editor\" data-id=\"9742178\" data-element_type=\"widget\" data-widget_type=\"text-editor.default\">\n\t\t\t\t\t\t\t\t\t<p>Samstag der 11. April &#8211; U30 Party des J\u00e4gerkorps<\/p><p>Samstag der 18. April &#8211; Pokalschie\u00dfen <span style=\"color: #000000;\">im<\/span> Stammlokal um 16 Uhr<\/p><p>24-26. April &#8211; Festwochenende zum 100 j\u00e4hrigen Jubil\u00e4um von Frohsinn Norf<\/p><p>Samstag der 9. Mai &#8211; Korpschie\u00dfen des J\u00e4gerkorps, treffen um 12:30 Uhr<\/p><p>Montag der 18. Mai &#8211; Kassenpr\u00fcfung bei Dietmar um 18:30 Uhr<\/p><p>Freitag der 29. Mai &#8211; Kr\u00f6nungs-Aufbau um 17 Uhr<\/p><p>Samstag der 30. Mai &#8211; Kr\u00f6nung von Joshua I.\u00a0bei Haus Obererft<\/p>\t\t\t\t\t\t\t\t<\/div>\n\t\t\t\t\t<\/div>\n\t\t\t\t<\/div>\n\t\t<div class=\"elementor-element elementor-element-ad8ed15 e-flex e-con-boxed wpr-particle-no wpr-jarallax-no wpr-parallax-no wpr-sticky-section-no e-con e-parent\" data-id=\"ad8ed15\" data-element_type=\"container\">\n\t\t\t\t\t<div class=\"e-con-inner\">\n\t\t\t\t<div class=\"elementor-element elementor-element-ed996d9 elementor-widget elementor-widget-text-editor\" data-id=\"ed996d9\" data-element_type=\"widget\" data-widget_type=\"text-editor.default\">\n\t\t\t\t\t\t\t\t\t<h5><span style=\"text-decoration: underline;\"><span style=\"color: #000000; text-decoration: underline;\">Versammlungstermine<\/span><\/span><\/h5><p><span style=\"color: #000000;\"><del>Samstag der 3. Januar<\/del><\/span><\/p><p><span style=\"color: #000000;\"><del>Samstag der 7. Febuar<\/del><\/span><\/p><p><del><span style=\"color: #000000;\">Samstag der 7. M\u00e4rz<\/span><\/del><\/p><p><del><span style=\"color: #000000;\">Samstag der 4. April<\/span><\/del><\/p><p><span style=\"color: #000000;\">Samstag der 2. Mai<\/span><\/p><p><span style=\"color: #000000;\">Samstag der 6. Juni<\/span><\/p><p><span style=\"color: #000000;\">Samstag der 4. Juli<\/span><\/p><p><span style=\"color: #000000;\">Samstag der 1. August<\/span><\/p><p><span style=\"color: #000000;\">Samstag der 12. September<\/span><\/p><p><span style=\"color: #000000;\">Samstag der 3. Oktober<\/span><\/p><p><span style=\"color: #000000;\">Samstag der 7. November<\/span><\/p><p><span style=\"color: #000000;\">Samstag der 5. Dezember<\/span><\/p>\t\t\t\t\t\t\t\t<\/div>\n\t\t\t\t\t<\/div>\n\t\t\t\t<\/div>\n\t\t\t\t<\/div>\n\t\t","protected":false},"excerpt":{"rendered":"<p>Termine 2026 Samstag der 11. April &#8211; U30 Party des J\u00e4gerkorps Samstag der 18. April &#8211; Pokalschie\u00dfen im Stammlokal um 16 Uhr 24-26. April &#8211; Festwochenende zum 100 j\u00e4hrigen Jubil\u00e4um von Frohsinn Norf Samstag der 9. Mai &#8211; Korpschie\u00dfen des J\u00e4gerkorps, treffen um 12:30 Uhr Montag der 18. Mai &#8211; Kassenpr\u00fcfung bei Dietmar um 18:30 Uhr Freitag der 29. Mai &#8211; Kr\u00f6nungs-Aufbau um 17 Uhr Samstag der 30. Mai &#8211; Kr\u00f6nung von Joshua I.\u00a0bei Haus Obererft Versammlungstermine Samstag der 3. Januar Samstag der 7. Febuar Samstag der 7. M\u00e4rz Samstag der 4. April Samstag der 2. Mai Samstag der 6. Juni Samstag der 4. Juli Samstag der 1. August Samstag der 12. September Samstag der 3. Oktober Samstag der 7. November Samstag der 5. Dezember<\/p>\n","protected":false},"author":1,"featured_media":0,"parent":0,"menu_order":0,"comment_status":"closed","ping_status":"closed","template":"elementor_canvas","meta":{"footnotes":""},"class_list":["post-150","page","type-page","status-publish","hentry"],"_links":{"self":[{"href":"https:\/\/jvs1972.de\/index.php\/wp-json\/wp\/v2\/pages\/150","targetHints":{"allow":["GET"]}}],"collection":[{"href":"https:\/\/jvs1972.de\/index.php\/wp-json\/wp\/v2\/pages"}],"about":[{"href":"https:\/\/jvs1972.de\/index.php\/wp-json\/wp\/v2\/types\/page"}],"author":[{"embeddable":true,"href":"https:\/\/jvs1972.de\/index.php\/wp-json\/wp\/v2\/users\/1"}],"replies":[{"embeddable":true,"href":"https:\/\/jvs1972.de\/index.php\/wp-json\/wp\/v2\/comments?post=150"}],"version-history":[{"count":19,"href":"https:\/\/jvs1972.de\/index.php\/wp-json\/wp\/v2\/pages\/150\/revisions"}],"predecessor-version":[{"id":321,"href":"https:\/\/jvs1972.de\/index.php\/wp-json\/wp\/v2\/pages\/150\/revisions\/321"}],"wp:attachment":[{"href":"https:\/\/jvs1972.de\/index.php\/wp-json\/wp\/v2\/media?parent=150"}],"curies":[{"name":"wp","href":"https:\/\/api.w.org\/{rel}","templated":true}]}}