{"id":14,"date":"2025-12-04T14:34:44","date_gmt":"2025-12-04T14:34:44","guid":{"rendered":"https:\/\/jvs1972.de\/?page_id=14"},"modified":"2026-03-07T11:11:42","modified_gmt":"2026-03-07T11:11:42","slug":"hello-theme-14","status":"publish","type":"page","link":"https:\/\/jvs1972.de\/","title":{"rendered":"Homepage"},"content":{"rendered":"\t\t<div data-elementor-type=\"wp-page\" data-elementor-id=\"14\" class=\"elementor elementor-14\">\n\t\t\t\t<div class=\"elementor-element elementor-element-2afec84 e-flex e-con-boxed wpr-particle-no wpr-jarallax-no wpr-parallax-no wpr-sticky-section-no e-con e-parent\" data-id=\"2afec84\" data-element_type=\"container\" data-settings=\"{&quot;background_background&quot;:&quot;classic&quot;}\">\n\t\t\t\t\t<div class=\"e-con-inner\">\n\t\t<div class=\"elementor-element elementor-element-ffc7806 e-con-full e-flex wpr-particle-no wpr-jarallax-no wpr-parallax-no wpr-sticky-section-no e-con e-child\" data-id=\"ffc7806\" data-element_type=\"container\">\n\t\t\t\t<div class=\"elementor-element elementor-element-ff16744 elementor-widget__width-initial elementor-hidden-mobile elementor-widget elementor-widget-heading\" data-id=\"ff16744\" data-element_type=\"widget\" data-widget_type=\"heading.default\">\n\t\t\t\t\t<div class=\"elementor-heading-title elementor-size-default\">Herzlich Willkommen!<\/div>\t\t\t\t<\/div>\n\t\t\t\t<div class=\"elementor-element elementor-element-d2fd3b9 elementor-widget__width-initial elementor-widget elementor-widget-text-editor\" data-id=\"d2fd3b9\" data-element_type=\"widget\" data-widget_type=\"text-editor.default\">\n\t\t\t\t\t\t\t\t\t<p style=\"text-align: center;\"><span style=\"color: #ffffff;\">Wir sind die Jongens vom Schlachhoff.<br \/>Gegr\u00fcndet 1972 und seit \u00fcber 50 Jahren beim Neusser B\u00fcrger Sch\u00fctzenfest mit dabei.<\/span><\/p>\t\t\t\t\t\t\t\t<\/div>\n\t\t\t\t<\/div>\n\t\t<div class=\"elementor-element elementor-element-d19677d e-con-full e-flex wpr-particle-no wpr-jarallax-no wpr-parallax-no wpr-sticky-section-no e-con e-child\" data-id=\"d19677d\" data-element_type=\"container\">\n\t\t\t\t<div class=\"elementor-element elementor-element-0863d54 elementor-widget elementor-widget-image\" data-id=\"0863d54\" data-element_type=\"widget\" data-widget_type=\"image.default\">\n\t\t\t\t\t\t\t\t\t\t\t\t\t\t\t<img decoding=\"async\" src=\"https:\/\/jvs1972.de\/wp-content\/uploads\/2026\/02\/wir.jpeg\" title=\"wir\" alt=\"wir\" loading=\"lazy\" \/>\t\t\t\t\t\t\t\t\t\t\t\t\t\t\t<\/div>\n\t\t\t\t<\/div>\n\t\t\t\t\t<\/div>\n\t\t\t\t<\/div>\n\t\t<div class=\"elementor-element elementor-element-f13da6c e-flex e-con-boxed wpr-particle-no wpr-jarallax-no wpr-parallax-no wpr-sticky-section-no e-con e-parent\" data-id=\"f13da6c\" data-element_type=\"container\">\n\t\t\t\t\t<div class=\"e-con-inner\">\n\t\t<div class=\"elementor-element elementor-element-90cb27b e-con-full e-flex wpr-particle-no wpr-jarallax-no wpr-parallax-no wpr-sticky-section-no e-con e-child\" data-id=\"90cb27b\" data-element_type=\"container\">\n\t\t\t\t<div class=\"elementor-element elementor-element-b8cc85b elementor-widget elementor-widget-text-editor\" data-id=\"b8cc85b\" data-element_type=\"widget\" data-widget_type=\"text-editor.default\">\n\t\t\t\t\t\t\t\t\t<p><span style=\"color: #000000;\">Wir treffen uns immer am ersten Samstag in unserem Zuglokal &#8222;Haus Obererft&#8220; Schillerstra\u00dfe 77 um 18:45 Uhr.\u00a0 Bei interesse sind G\u00e4ste gerne wilkommen!\u00a0\u00a0<\/span><\/p>\t\t\t\t\t\t\t\t<\/div>\n\t\t\t\t<\/div>\n\t\t\t\t\t<\/div>\n\t\t\t\t<\/div>\n\t\t<div class=\"elementor-element elementor-element-bf1405c e-flex e-con-boxed wpr-particle-no wpr-jarallax-no wpr-parallax-no wpr-sticky-section-no e-con e-parent\" data-id=\"bf1405c\" data-element_type=\"container\">\n\t\t\t\t\t<div class=\"e-con-inner\">\n\t\t\t\t\t<\/div>\n\t\t\t\t<\/div>\n\t\t\t\t<\/div>\n\t\t","protected":false},"excerpt":{"rendered":"<p>Herzlich Willkommen! Wir sind die Jongens vom Schlachhoff.Gegr\u00fcndet 1972 und seit \u00fcber 50 Jahren beim Neusser B\u00fcrger Sch\u00fctzenfest mit dabei. Wir treffen uns immer am ersten Samstag in unserem Zuglokal &#8222;Haus Obererft&#8220; Schillerstra\u00dfe 77 um 18:45 Uhr.\u00a0 Bei interesse sind G\u00e4ste gerne wilkommen!\u00a0\u00a0<\/p>\n","protected":false},"author":1,"featured_media":0,"parent":0,"menu_order":0,"comment_status":"closed","ping_status":"closed","template":"elementor_canvas","meta":{"footnotes":""},"class_list":["post-14","page","type-page","status-publish","hentry"],"_links":{"self":[{"href":"https:\/\/jvs1972.de\/index.php\/wp-json\/wp\/v2\/pages\/14","targetHints":{"allow":["GET"]}}],"collection":[{"href":"https:\/\/jvs1972.de\/index.php\/wp-json\/wp\/v2\/pages"}],"about":[{"href":"https:\/\/jvs1972.de\/index.php\/wp-json\/wp\/v2\/types\/page"}],"author":[{"embeddable":true,"href":"https:\/\/jvs1972.de\/index.php\/wp-json\/wp\/v2\/users\/1"}],"replies":[{"embeddable":true,"href":"https:\/\/jvs1972.de\/index.php\/wp-json\/wp\/v2\/comments?post=14"}],"version-history":[{"count":44,"href":"https:\/\/jvs1972.de\/index.php\/wp-json\/wp\/v2\/pages\/14\/revisions"}],"predecessor-version":[{"id":269,"href":"https:\/\/jvs1972.de\/index.php\/wp-json\/wp\/v2\/pages\/14\/revisions\/269"}],"wp:attachment":[{"href":"https:\/\/jvs1972.de\/index.php\/wp-json\/wp\/v2\/media?parent=14"}],"curies":[{"name":"wp","href":"https:\/\/api.w.org\/{rel}","templated":true}]}}