{"id":136,"date":"2026-02-28T12:03:29","date_gmt":"2026-02-28T12:03:29","guid":{"rendered":"https:\/\/jvs1972.de\/?page_id=136"},"modified":"2026-03-07T11:34:34","modified_gmt":"2026-03-07T11:34:34","slug":"unsere-geschichte","status":"publish","type":"page","link":"https:\/\/jvs1972.de\/index.php\/unsere-geschichte\/","title":{"rendered":"Unsere Geschichte"},"content":{"rendered":"\t\t<div data-elementor-type=\"wp-page\" data-elementor-id=\"136\" class=\"elementor elementor-136\">\n\t\t\t\t<div class=\"elementor-element elementor-element-454d886 e-flex e-con-boxed wpr-particle-no wpr-jarallax-no wpr-parallax-no wpr-sticky-section-no e-con e-parent\" data-id=\"454d886\" data-element_type=\"container\">\n\t\t\t\t\t<div class=\"e-con-inner\">\n\t\t\t\t<div class=\"elementor-element elementor-element-e369afc elementor-widget elementor-widget-heading\" data-id=\"e369afc\" data-element_type=\"widget\" data-widget_type=\"heading.default\">\n\t\t\t\t\t<h2 class=\"elementor-heading-title elementor-size-default\">J\u00e4gerzug Jongens vom Schlachhoff<\/h2>\t\t\t\t<\/div>\n\t\t\t\t\t<\/div>\n\t\t\t\t<\/div>\n\t\t<div class=\"elementor-element elementor-element-f5cb9e6 e-flex e-con-boxed wpr-particle-no wpr-jarallax-no wpr-parallax-no wpr-sticky-section-no e-con e-parent\" data-id=\"f5cb9e6\" data-element_type=\"container\">\n\t\t\t\t\t<div class=\"e-con-inner\">\n\t\t\t\t<div class=\"elementor-element elementor-element-e0fcbce elementor-widget elementor-widget-text-editor\" data-id=\"e0fcbce\" data-element_type=\"widget\" data-widget_type=\"text-editor.default\">\n\t\t\t\t\t\t\t\t\t<p><em><u>Entstehung des J\u00e4gerzuges<\/u><\/em><\/p><p>Aus einer Thekengemeinschaft, welche am Fu\u00dfball keinen richtigen Spa\u00df mehr hatte, schlugen einige M\u00e4nner vor: \u201eLoss ons doch ne J\u00e4jerzoch opmaake!\u201c<\/p><p>Die erste Versammlung fand in der Gastst\u00e4tte \u201eBeim Pitter\u201c auf der D\u00fcsseldorferstra\u00dfe statt.<\/p><p>Alle Anwesenden stimmten daf\u00fcr, dass man den J\u00e4gerzug gr\u00fcnden sollte.<\/p><p>Fast alle Gr\u00fcnder waren im Barbaraviertel beheimatet und hier hatte der st\u00e4dtische Schlachthof seine Niederlassung. Fragte man einen von uns, wo er wohne, bekam man die Antwort: Am Schlachhoff.<\/p><p>Also einigte man sich auf den Zugnamen: \u201e<em>Jongens vom Schlachhoff<\/em>\u201c.<\/p><p>Im Mai 1972 wurde der Zug aus der Taufe gehoben.<\/p><p>Bis zum Sch\u00fctzenfest im August waren nur noch 3 Monate Zeit. So einigte beschloss man, erst im n\u00e4chsten Jahr mit zu marschieren, da die Anschaffung der ben\u00f6tigten Zugutensilien doch eine Menge Zeit, aber vor allem auch Geld in Anspruch nehmen w\u00fcrden.<\/p><p>Es wurde monatlich eine Versammlung einberufen, bei der jedes Zugmitglied einen Beitrag zu leisten hatte. Von den Geldern wurden Blumen- und Pulverh\u00f6rner, Gewehre etc. angeschafft.<\/p><p>Endlich war es dann soweit:<\/p><p>1973 gingen wir dann mit 15 aktiven Sch\u00fctzen \u00fcber den Markt!<\/p><p>Zum ersten Zugf\u00fchrer wurde Karl Hartings auserkoren.<\/p><p>Als Leutnant stand ihm Franz P\u00fctz zur Seite.<\/p><p>Feldwebel wurde Heinz-Lorenz Spicks (Lori).<\/p><p>Unser erstes Blumenhorn trug Bruno Landeck mit Stolz.<\/p><p>Nat\u00fcrlich wurde auch ein Musikverein verpflichtet, der uns Kirmessonntag vom Schlachthof in die Innenstadt gef\u00fchrt. Es war das Osterrather Tambourkorps.<\/p><p>Die Jungs haben uns noch einige Jahre begleitet.<\/p><p><em><u>Vereinsleben<\/u><\/em><\/p><p>Wie in jedem Verein fanden auch bei uns immer wieder aus verschiedensten Gr\u00fcnden Wechsel in der Zugf\u00fchrung statt.<\/p><p>Leutnant Franz P\u00fctz verlie\u00df unseren J\u00e4gerzug, und Michael Sieben \u00fcbernahm sein Amt.<\/p><p>Karl Hartings wurde von Lori Spicks als Oberleutnant im November 1976 abgel\u00f6st.<\/p><p>Theo Fenes stand diesem von nun an als Leutnant zur Seite.<\/p><p>Dieter Spicks \u00fcbernahm den Posten des Feldwebels.<\/p><p>Wir wuchsen immer mehr zusammen, machten einmal im Jahr einen Zugausflug (mittlerweile nur noch alle zwei Jahre). Auch den Vatertag und den ersten Mai verbringen wir zusammen, mit Kegeln und Kartenspielen.<\/p><p>Wir erwarben unser erstes Luftgewehr, und neben unserer monatlichen Versammlung halten wir seitdem etwa einmal im Monat ein Trainingsschie\u00dfen ab.<\/p><p>Diese regelm\u00e4\u00dfigen Schie\u00df\u00fcbungen sollten dann auch Fr\u00fcchte tragen.<\/p><p><em><u>Korpsschie\u00dfen<\/u><\/em><\/p><p>Am j\u00e4hrlichen Schie\u00dfen des Neusser J\u00e4gerkorps nehmen wir mit Freude teil.<\/p><p>Wir sind recht schnell von der B-Klasse in die Meisterschaft aufgestiegen.<\/p><p>Beim Korpsschie\u00dfen am 8. Juni 1985 wurde unsere Manschaft Korpssieger, die siegreichen Sch\u00fctzen waren Dieter Spicks, Paul Hilgers, Theo Fenes, Herbert Dietzel und Wolfgang Gerhard.<\/p><p>Zudem belegten wir in der Einzelwertung den 2. Platz.<\/p><p>Im Jahr 2000 stellten wir mit Dietmar Hilgers den besten Sch\u00fctzen der J\u00e4ger, und somit den Korpssieger.<\/p><p><em><u>Fackelbau<\/u><\/em><\/p><p>Nicht nur beim Schie\u00dfen wurden enorme Aktivit\u00e4ten entwickelt.<\/p><p>Bei der Versammlung am 14.02.1981 wurde beschlossen, eine Gro\u00dffackel zu bauen, und damit unseren Beitrag zum Neusser Fackelzug, der Jahr f\u00fcr Jahr mit zu den H\u00f6hepunkten des Sch\u00fctzenfestes z\u00e4hlt, zu leisten.<\/p><p>Wir fanden auf dem Gel\u00e4nde der Ideal Standard einen Fackelbauplatz und bauten dort unsere erste Fackel, welche unter dem Motto \u201eFahnenversetzung\u201c stand. Dieser Fackel sollten bis zum heutigen Tage immer wieder neue folgen.<\/p><p>Unser Einfallsreichtum kennt da bisher keine Grenzen.<\/p><p>Auch Ausfl\u00fcge, aus verschiedensten Anl\u00e4ssen, wurden gemeinschaftich unternommen.<\/p><p>Wir fuhren zum Sch\u00fctzenfest nach Girkhausen im Sauerland, nahmen an einem Vergleichsschie\u00dfen in Wattenscheid teil, und besuchten mehrfach den Spielmannszug \u201eGr\u00fcn-Wei\u00df Lohn\u201c zu ihren Jubil\u00e4en. Diese Ausfl\u00fcge haben uns immer viel Spa\u00df und Freude bereitet.<\/p><p>Doch gab es nicht nur sch\u00f6ne Zeiten. Der J\u00e4gerzug wurde von einer Ungl\u00fccksserie heimgesucht.<\/p><p>1986 verstarb im Alter von nur 35 Jahren unser Oberleutnant Lori Spicks. Theo Fenes wurde zum neuen Zugf\u00fchrer gew\u00e4hlt.<\/p><p>Wolfgang Gerhard stand als Leutnant bereit. Dieter Spicks behielt den Posten des Feldwebels.<\/p><p>Im Dezember 1987 verstarb unser aktives Mitglied Horst Progscha (30 Jahre).<br \/>Ihm folgten 1988 Wilhelm Nettesheim (56), 1990 Paul Hilgers (45), 1991 Georg Gesch (72), liebevoll \u201eOnkel Schorsch\u201c genannt, 1994 Hubert Angenendt (65), 2000 Gerd Offergeld ( ), 2009 Heiner Kuschel (69), 2024 Dieter Spicks (69).<br \/>Wir m\u00f6chten uns bei allen verstorbenen Mitgliedern \u00a0f\u00fcr die viele und m\u00fchevolle Arbeit f\u00fcr den Zug bedanken.<br \/>Danke, dass ihr ein Teil unserer Geschichte wart und unseren Verein zu dem gemacht habt, was er heute ist.<\/p><p>Zwischenzeitlich kam auch der Gedanke ans Aufh\u00f6ren, doch dies w\u00e4re sicher nicht im Sinne\u00a0\u00a0 unserer lieben Verstorbenen gewesen. Also gaben wir nicht auf. Jeder einzelne machte sich Gedanken, wen man fragen k\u00f6nnte, um unseren Zug zu verst\u00e4rken. So schafften wir es die erforderliche Mitgliederzahl f\u00fcr die Sch\u00fctzenfesttage zu erreichen.<\/p><p>Zur Zeit haben wir 19 Mitglieder, davon sind 12 aktiv und marschieren bei den Umz\u00fcgen des Sch\u00fctzenfestes mit.<\/p><p><em><u>Zugf\u00fchrung heute<\/u><\/em><\/p><p>Dieter Spicks gab den Posten des Feldwebels f\u00fcr ein Jahr an Rainer Krings, dieser wiederum an J\u00fcrgen Hilgers weiter. Nach langem Warten hat Kai Beilfuss endlich seinen Traumposten als Feldwebel bekommen.<\/p><p>Nach unserem 25 j\u00e4hrigem Jubil\u00e4um stellten auch Theo Fenes und Wolfgang Gerhard ihre \u00c4mter<\/p><p>zur Verf\u00fcgung. Dietmar Hilgers wurde zum neuen Oberleutnant gew\u00e4hlt. Leutnant wurde erst<\/p><p>Willi Nettesheim, dann Carsten Beilfu\u00df und dieser trat das Amt an Thomas B\u00fcsdorf ab. Woraufhin dann Christian Dietzel zum Leutnant ernannt wurde.<\/p><p><em><u>Zuglokal<\/u><\/em><\/p><p>Auch das Vereinslokal wurde seit der Gr\u00fcndung des Zuges mehrmals gewechselt. So f\u00fchrte unser Weg von der Gastst\u00e4tte \u201eBeim Pitter\u201c zur \u201eHochhausschenke\u201c, zum \u201eGrenzland\u201c dann wieder<\/p><p>\u201eBeim Pitter\u201c. Hiernach kam der Wechsel zum \u201eHermkes Bur\u201c, wo wir viele Jahre blieben.<\/p><p>Seit 2009 sind wir in der \u201eGastst\u00e4tte Pullen\u201c beheimatet, wo wir uns sehr wohl f\u00fchlen.<br \/>Seit 2014 mussten wir unser Zuglokal nochmal wechseln. <br \/>Wir haben bei der Gastst\u00e4tte &#8220; Pesch &#8220; unser neues zu hause gefunden. Unser Jupp bedient uns seit dem f\u00fcrstlich.<br \/>Nach der Schlie\u00dfung des Lokals mussten wir seitdem noch zweimal unser Zuglokal wechseln.<br data-start=\"226\" data-end=\"229\" \/>Zurzeit haben wir im Haus Obererft unser neues Zuglokal gefunden.<\/p><p><em><u>Marschmusik<\/u><\/em><\/p><p>F\u00fcr die musikalische Untermalung an den Sch\u00fctzenfesttagen konnten wir schon seit mehr als 35 Jahren den Spielmannszug \u201eGr\u00fcn Wei\u00df Lohn\u201c f\u00fcr uns gewinnen. Zum diesem Spielmannszug, welcher Sch\u00fctzenfestsonntag f\u00fcr uns spielt, pflegen wir ein freundschaftliches Verh\u00e4ltnis.<\/p><p><span style=\"text-decoration: underline;\"><em>Zugk\u00f6nige<\/em><\/span><\/p><p><em>\u00a0\u00a0\u00a0\u00a0\u00a0\u00a0\u00a0\u00a0\u00a0\u00a0\u00a0\u00a0\u00a0\u00a0\u00a0\u00a0\u00a0\u00a0 <u>1972\/73 Karl I.<\/u>\u00a0\u00a0\u00a0\u00a0\u00a0\u00a0\u00a0\u00a0\u00a0\u00a0\u00a0\u00a0\u00a0\u00a0\u00a0\u00a0\u00a0\u00a0 \u00a0\u00a0\u00a0\u00a0\u00a0\u00a0\u00a0\u00a0\u00a0\u00a0\u00a0\u00a0 <u>1973\/74 Michel I.<\/u><\/em><\/p><p><em>\u00a0\u00a0\u00a0\u00a0\u00a0\u00a0\u00a0\u00a0\u00a0\u00a0\u00a0\u00a0\u00a0\u00a0\u00a0\u00a0\u00a0\u00a0 <u>1974\/75 G\u00fcnther I.<\/u>\u00a0\u00a0\u00a0\u00a0\u00a0\u00a0\u00a0\u00a0\u00a0\u00a0 \u00a0\u00a0\u00a0\u00a0\u00a0\u00a0\u00a0\u00a0\u00a0\u00a0\u00a0\u00a0\u00a0\u00a0\u00a0 <u>1975\/76 Heinz-Lorenz I.<\/u><\/em><\/p><p><em>\u00a0\u00a0\u00a0\u00a0\u00a0\u00a0\u00a0\u00a0\u00a0\u00a0\u00a0\u00a0\u00a0\u00a0\u00a0\u00a0\u00a0\u00a0 <u>1976\/77 Theo I.<\/u>\u00a0\u00a0\u00a0\u00a0\u00a0\u00a0\u00a0\u00a0\u00a0\u00a0\u00a0\u00a0\u00a0\u00a0\u00a0\u00a0\u00a0\u00a0\u00a0\u00a0\u00a0\u00a0\u00a0\u00a0\u00a0\u00a0\u00a0\u00a0\u00a0\u00a0 <u>1977\/78 Dieter I<\/u><\/em><\/p><p><em>\u00a0\u00a0\u00a0\u00a0\u00a0\u00a0\u00a0\u00a0\u00a0\u00a0\u00a0\u00a0\u00a0\u00a0\u00a0\u00a0\u00a0\u00a0 <u>1978\/79 Willi I.<\/u>\u00a0\u00a0\u00a0\u00a0\u00a0\u00a0\u00a0\u00a0\u00a0\u00a0\u00a0\u00a0\u00a0\u00a0\u00a0\u00a0\u00a0\u00a0\u00a0\u00a0\u00a0\u00a0\u00a0\u00a0\u00a0\u00a0\u00a0\u00a0\u00a0\u00a0\u00a0 <u>1979\/80 Horst I.<\/u><\/em><\/p><p><em>\u00a0\u00a0\u00a0\u00a0\u00a0\u00a0\u00a0\u00a0\u00a0\u00a0\u00a0\u00a0\u00a0\u00a0\u00a0\u00a0\u00a0\u00a0 <u>1980\/81 Theo II.<\/u>\u00a0\u00a0\u00a0\u00a0\u00a0\u00a0\u00a0\u00a0\u00a0\u00a0\u00a0\u00a0\u00a0\u00a0\u00a0\u00a0\u00a0\u00a0\u00a0\u00a0\u00a0\u00a0\u00a0\u00a0\u00a0\u00a0\u00a0\u00a0\u00a0 <u>1981\/82 Dieter II.<\/u><\/em><\/p><p><em>\u00a0\u00a0\u00a0\u00a0\u00a0\u00a0\u00a0\u00a0\u00a0\u00a0\u00a0\u00a0\u00a0\u00a0\u00a0\u00a0\u00a0\u00a0 <u>1982\/83 Willi II.<\/u>\u00a0\u00a0\u00a0\u00a0\u00a0\u00a0\u00a0\u00a0\u00a0\u00a0\u00a0\u00a0\u00a0\u00a0\u00a0\u00a0\u00a0\u00a0\u00a0\u00a0\u00a0\u00a0\u00a0\u00a0\u00a0\u00a0\u00a0\u00a0\u00a0 <u>1983\/84 Wolfgang I.<\/u><\/em><\/p><p><em>\u00a0\u00a0\u00a0\u00a0\u00a0\u00a0\u00a0\u00a0\u00a0\u00a0\u00a0\u00a0\u00a0\u00a0\u00a0\u00a0\u00a0\u00a0 <u>1984\/85 Wilhelm I.<\/u>\u00a0\u00a0\u00a0\u00a0\u00a0\u00a0\u00a0\u00a0\u00a0\u00a0\u00a0\u00a0\u00a0\u00a0\u00a0\u00a0\u00a0\u00a0\u00a0\u00a0\u00a0\u00a0\u00a0\u00a0\u00a0\u00a0 <u>1985\/86 Paul I.<\/u><\/em><\/p><p><em>\u00a0\u00a0\u00a0\u00a0\u00a0\u00a0\u00a0\u00a0\u00a0\u00a0\u00a0\u00a0\u00a0\u00a0\u00a0\u00a0\u00a0\u00a0 <u>1986\/87 Theo III.<\/u>\u00a0\u00a0\u00a0\u00a0\u00a0\u00a0\u00a0\u00a0\u00a0\u00a0\u00a0\u00a0\u00a0\u00a0\u00a0\u00a0\u00a0\u00a0\u00a0\u00a0\u00a0\u00a0\u00a0\u00a0\u00a0\u00a0\u00a0\u00a0\u00a0\u00a0\u00a0\u00a0\u00a0\u00a0\u00a0\u00a0 <u>1987\/88 Georg I.<\/u><\/em><\/p><p><em>\u00a0\u00a0\u00a0\u00a0\u00a0\u00a0\u00a0\u00a0\u00a0\u00a0\u00a0\u00a0\u00a0\u00a0\u00a0\u00a0\u00a0\u00a0 <u>1988\/89 Michael I.<\/u>\u00a0\u00a0\u00a0\u00a0\u00a0\u00a0\u00a0\u00a0\u00a0\u00a0\u00a0\u00a0\u00a0\u00a0\u00a0\u00a0\u00a0\u00a0\u00a0\u00a0\u00a0\u00a0\u00a0\u00a0\u00a0\u00a0 <u>1989\/90 Herbert I.<\/u><\/em><\/p><p><em>\u00a0\u00a0\u00a0\u00a0\u00a0\u00a0\u00a0\u00a0\u00a0\u00a0\u00a0\u00a0\u00a0\u00a0\u00a0\u00a0\u00a0\u00a0 <u>1990\/91 J\u00fcrgen I.<\/u>\u00a0\u00a0\u00a0\u00a0\u00a0\u00a0\u00a0\u00a0\u00a0\u00a0\u00a0\u00a0\u00a0\u00a0\u00a0\u00a0\u00a0\u00a0\u00a0\u00a0\u00a0\u00a0\u00a0\u00a0\u00a0\u00a0\u00a0\u00a0 <u>1991\/92 Dietmar I.<\/u><\/em><\/p><p><em>\u00a0\u00a0\u00a0\u00a0\u00a0\u00a0\u00a0\u00a0\u00a0\u00a0\u00a0\u00a0\u00a0\u00a0\u00a0\u00a0\u00a0\u00a0 <u>1992\/93 Martin I.<\/u>\u00a0\u00a0\u00a0\u00a0\u00a0\u00a0\u00a0\u00a0\u00a0\u00a0\u00a0\u00a0\u00a0\u00a0\u00a0\u00a0\u00a0\u00a0\u00a0\u00a0\u00a0\u00a0\u00a0\u00a0\u00a0\u00a0\u00a0\u00a0 <u>1993\/94 Gustav I.<\/u><\/em><\/p><p><em>\u00a0\u00a0\u00a0\u00a0\u00a0\u00a0\u00a0\u00a0\u00a0\u00a0\u00a0\u00a0\u00a0\u00a0\u00a0\u00a0\u00a0\u00a0 <u>1994\/95 Thomas I.<\/u>\u00a0\u00a0\u00a0\u00a0\u00a0\u00a0\u00a0\u00a0\u00a0\u00a0\u00a0\u00a0\u00a0\u00a0\u00a0\u00a0\u00a0\u00a0\u00a0\u00a0\u00a0\u00a0\u00a0\u00a0\u00a0\u00a0\u00a0 <u>1995\/96 J\u00fcrgen II.<\/u><\/em><\/p><p><em>\u00a0\u00a0\u00a0\u00a0\u00a0\u00a0\u00a0\u00a0\u00a0\u00a0\u00a0\u00a0\u00a0\u00a0\u00a0\u00a0\u00a0\u00a0 <u>1996\/97 Willi III.<\/u>\u00a0\u00a0\u00a0\u00a0\u00a0\u00a0\u00a0\u00a0\u00a0\u00a0\u00a0\u00a0\u00a0\u00a0\u00a0\u00a0\u00a0\u00a0\u00a0\u00a0\u00a0\u00a0\u00a0\u00a0\u00a0\u00a0\u00a0\u00a0\u00a0\u00a0\u00a0\u00a0\u00a0\u00a0\u00a0\u00a0\u00a0 <u>1997\/98 Theo IV.<\/u><\/em><\/p><p><em>\u00a0\u00a0\u00a0\u00a0\u00a0\u00a0\u00a0\u00a0\u00a0\u00a0\u00a0\u00a0\u00a0\u00a0\u00a0\u00a0\u00a0\u00a0 <u>1998\/99 Thomas II.<\/u>\u00a0\u00a0\u00a0\u00a0\u00a0\u00a0\u00a0\u00a0\u00a0\u00a0\u00a0\u00a0\u00a0\u00a0\u00a0\u00a0\u00a0\u00a0\u00a0\u00a0\u00a0\u00a0\u00a0\u00a0\u00a0 <u>1999\/2000 J\u00fcrgen III.<\/u><\/em><\/p><p><em>\u00a0\u00a0\u00a0\u00a0\u00a0\u00a0\u00a0\u00a0\u00a0\u00a0\u00a0\u00a0\u00a0\u00a0\u00a0\u00a0\u00a0\u00a0 <u>2000\/01 Dieter III.<\/u>\u00a0\u00a0\u00a0\u00a0\u00a0\u00a0\u00a0\u00a0\u00a0\u00a0\u00a0\u00a0\u00a0\u00a0\u00a0\u00a0\u00a0\u00a0\u00a0\u00a0\u00a0\u00a0\u00a0\u00a0 <u>2001\/02 Dietmar II.<\/u><\/em><\/p><p><em>\u00a0\u00a0\u00a0\u00a0\u00a0\u00a0\u00a0\u00a0\u00a0\u00a0\u00a0\u00a0\u00a0\u00a0\u00a0\u00a0\u00a0\u00a0 <u>2002\/03 Kalla I.<\/u>\u00a0\u00a0\u00a0\u00a0\u00a0\u00a0\u00a0\u00a0\u00a0\u00a0\u00a0\u00a0\u00a0\u00a0\u00a0\u00a0\u00a0\u00a0\u00a0\u00a0\u00a0\u00a0\u00a0\u00a0\u00a0\u00a0\u00a0\u00a0\u00a0\u00a0 <u>2003\/04 Thomas III.<\/u><\/em><\/p><p><em>\u00a0\u00a0\u00a0\u00a0\u00a0\u00a0\u00a0\u00a0\u00a0\u00a0\u00a0\u00a0\u00a0\u00a0\u00a0\u00a0\u00a0\u00a0 <u>2004\/05 Carsten I.<\/u>\u00a0\u00a0\u00a0\u00a0\u00a0\u00a0\u00a0\u00a0\u00a0\u00a0\u00a0\u00a0\u00a0\u00a0\u00a0\u00a0\u00a0\u00a0\u00a0\u00a0\u00a0\u00a0\u00a0\u00a0\u00a0 <u>2005\/06 Dieter IV.<\/u><\/em><\/p><p><em>\u00a0\u00a0\u00a0\u00a0\u00a0\u00a0\u00a0\u00a0\u00a0\u00a0\u00a0\u00a0\u00a0\u00a0\u00a0\u00a0\u00a0\u00a0 <u>2006\/07 Guido I.<\/u>\u00a0\u00a0\u00a0\u00a0\u00a0\u00a0\u00a0\u00a0\u00a0\u00a0\u00a0\u00a0\u00a0\u00a0\u00a0\u00a0\u00a0\u00a0\u00a0\u00a0\u00a0\u00a0\u00a0\u00a0\u00a0\u00a0\u00a0\u00a0\u00a0 <u>2007\/08 Armin I.<\/u><\/em><\/p><p><em>\u00a0\u00a0\u00a0\u00a0\u00a0\u00a0\u00a0\u00a0\u00a0\u00a0\u00a0\u00a0\u00a0\u00a0\u00a0\u00a0\u00a0\u00a0 <u>2008\/09 Hajo I.<\/u>\u00a0\u00a0\u00a0\u00a0\u00a0\u00a0\u00a0\u00a0\u00a0\u00a0\u00a0\u00a0\u00a0\u00a0\u00a0\u00a0\u00a0\u00a0\u00a0\u00a0\u00a0\u00a0\u00a0\u00a0\u00a0\u00a0\u00a0\u00a0\u00a0\u00a0 <u>2009\/10 Dirk I.<\/u><\/em><\/p><p><em>\u00a0\u00a0\u00a0\u00a0\u00a0\u00a0\u00a0\u00a0\u00a0\u00a0\u00a0\u00a0\u00a0\u00a0\u00a0\u00a0\u00a0\u00a0 <u>2010\/11 Oliver I.<\/u>\u00a0\u00a0\u00a0\u00a0\u00a0\u00a0\u00a0\u00a0\u00a0\u00a0\u00a0\u00a0\u00a0\u00a0\u00a0\u00a0\u00a0\u00a0\u00a0\u00a0\u00a0\u00a0\u00a0\u00a0\u00a0\u00a0\u00a0\u00a0\u00a0\u00a0 <u>2011\/12 J\u00fcrgen IV.<\/u><\/em><em>\u00a0\u00a0\u00a0\u00a0\u00a0\u00a0\u00a0\u00a0\u00a0\u00a0\u00a0\u00a0\u00a0\u00a0\u00a0\u00a0\u00a0 <\/em><\/p><p>Im Jahr 2022 feierten wir unseren 50. Geburtstag.<\/p><p>Mit Sicherheit werden die \u201eJongens vom Schlachhoff\u201c noch viele Jahre miteinander \u00fcber den Markt ziehen. Dies w\u00e4re nicht m\u00f6glich ohne die Freunde und G\u00f6nner unseres Zuges, bei denen wir uns herzlichst bedanken m\u00f6chten.<\/p><p>Den Damen des Zuges, die allj\u00e4hrlich daf\u00fcr Sorge tragen, dass ihre M\u00e4nner stets akkurat \u00fcber die Sch\u00fctzenfesttage kommen.<\/p><p>Den Sparern des Zuges, die uns durch ihre Beitr\u00e4ge dabei unterst\u00fctzen, dass wir zu Sch\u00fctzenfest mit unseren farbenfrohen Blumenh\u00f6rnern aufwarten k\u00f6nnen.<\/p><p>Unseren Finanzmeistern Helma und Willi Nettesheim, die in ganz hervorragender Manier unser Geld zusammengehalten haben.<\/p><p>Unseren Wirtsleuten Annette und Thomas von Haus Obererft, die uns verw\u00f6hnen und bei denen wir uns wie Zuhause f\u00fchlen.<\/p>\t\t\t\t\t\t\t\t<\/div>\n\t\t\t\t\t<\/div>\n\t\t\t\t<\/div>\n\t\t\t\t<\/div>\n\t\t","protected":false},"excerpt":{"rendered":"<p>J\u00e4gerzug Jongens vom Schlachhoff Entstehung des J\u00e4gerzuges Aus einer Thekengemeinschaft, welche am Fu\u00dfball keinen richtigen Spa\u00df mehr hatte, schlugen einige M\u00e4nner vor: \u201eLoss ons doch ne J\u00e4jerzoch opmaake!\u201c Die erste Versammlung fand in der Gastst\u00e4tte \u201eBeim Pitter\u201c auf der D\u00fcsseldorferstra\u00dfe statt. Alle Anwesenden stimmten daf\u00fcr, dass man den J\u00e4gerzug gr\u00fcnden sollte. Fast alle Gr\u00fcnder waren im Barbaraviertel beheimatet und hier hatte der st\u00e4dtische Schlachthof seine Niederlassung. Fragte man einen von uns, wo er wohne, bekam man die Antwort: Am Schlachhoff. Also einigte man sich auf den Zugnamen: \u201eJongens vom Schlachhoff\u201c. Im Mai 1972 wurde der Zug aus der Taufe gehoben. Bis zum Sch\u00fctzenfest im August waren nur noch 3 Monate Zeit. So einigte beschloss man, erst im n\u00e4chsten Jahr mit zu marschieren, da die Anschaffung der ben\u00f6tigten Zugutensilien doch eine Menge Zeit, aber vor allem auch Geld in Anspruch nehmen w\u00fcrden. Es wurde monatlich eine Versammlung einberufen, bei der jedes Zugmitglied einen Beitrag zu leisten hatte. Von den Geldern wurden Blumen- und Pulverh\u00f6rner, Gewehre etc. angeschafft. Endlich war es dann soweit: 1973 gingen wir dann mit 15 aktiven Sch\u00fctzen \u00fcber den Markt! Zum ersten Zugf\u00fchrer wurde Karl Hartings auserkoren. Als Leutnant stand ihm Franz P\u00fctz zur Seite. Feldwebel wurde Heinz-Lorenz Spicks (Lori). Unser erstes Blumenhorn trug Bruno Landeck mit Stolz. Nat\u00fcrlich wurde auch ein Musikverein verpflichtet, der uns Kirmessonntag vom Schlachthof in die Innenstadt gef\u00fchrt. Es war das Osterrather Tambourkorps. Die Jungs haben uns noch einige Jahre begleitet. Vereinsleben Wie in jedem Verein fanden auch bei uns immer wieder aus verschiedensten Gr\u00fcnden Wechsel in der Zugf\u00fchrung statt. Leutnant Franz P\u00fctz verlie\u00df unseren J\u00e4gerzug, und Michael Sieben \u00fcbernahm sein Amt. Karl Hartings wurde von Lori Spicks als Oberleutnant im November 1976 abgel\u00f6st. Theo Fenes stand diesem von nun an als Leutnant zur Seite. Dieter Spicks \u00fcbernahm den Posten des Feldwebels. Wir wuchsen immer mehr zusammen, machten einmal im Jahr einen Zugausflug (mittlerweile nur noch alle zwei Jahre). Auch den Vatertag und den ersten Mai verbringen wir zusammen, mit Kegeln und Kartenspielen. Wir erwarben unser erstes Luftgewehr, und neben unserer monatlichen Versammlung halten wir seitdem etwa einmal im Monat ein Trainingsschie\u00dfen ab. Diese regelm\u00e4\u00dfigen Schie\u00df\u00fcbungen sollten dann auch Fr\u00fcchte tragen. Korpsschie\u00dfen Am j\u00e4hrlichen Schie\u00dfen des Neusser J\u00e4gerkorps nehmen wir mit Freude teil. Wir sind recht schnell von der B-Klasse in die Meisterschaft aufgestiegen. Beim Korpsschie\u00dfen am 8. Juni 1985 wurde unsere Manschaft Korpssieger, die siegreichen Sch\u00fctzen waren Dieter Spicks, Paul Hilgers, Theo Fenes, Herbert Dietzel und Wolfgang Gerhard. Zudem belegten wir in der Einzelwertung den 2. Platz. Im Jahr 2000 stellten wir mit Dietmar Hilgers den besten Sch\u00fctzen der J\u00e4ger, und somit den Korpssieger. Fackelbau Nicht nur beim Schie\u00dfen wurden enorme Aktivit\u00e4ten entwickelt. Bei der Versammlung am 14.02.1981 wurde beschlossen, eine Gro\u00dffackel zu bauen, und damit unseren Beitrag zum Neusser Fackelzug, der Jahr f\u00fcr Jahr mit zu den H\u00f6hepunkten des Sch\u00fctzenfestes z\u00e4hlt, zu leisten. Wir fanden auf dem Gel\u00e4nde der Ideal Standard einen Fackelbauplatz und bauten dort unsere erste Fackel, welche unter dem Motto \u201eFahnenversetzung\u201c stand. Dieser Fackel sollten bis zum heutigen Tage immer wieder neue folgen. Unser Einfallsreichtum kennt da bisher keine Grenzen. Auch Ausfl\u00fcge, aus verschiedensten Anl\u00e4ssen, wurden gemeinschaftich unternommen. Wir fuhren zum Sch\u00fctzenfest nach Girkhausen im Sauerland, nahmen an einem Vergleichsschie\u00dfen in Wattenscheid teil, und besuchten mehrfach den Spielmannszug \u201eGr\u00fcn-Wei\u00df Lohn\u201c zu ihren Jubil\u00e4en. Diese Ausfl\u00fcge haben uns immer viel Spa\u00df und Freude bereitet. Doch gab es nicht nur sch\u00f6ne Zeiten. Der J\u00e4gerzug wurde von einer Ungl\u00fccksserie heimgesucht. 1986 verstarb im Alter von nur 35 Jahren unser Oberleutnant Lori Spicks. Theo Fenes wurde zum neuen Zugf\u00fchrer gew\u00e4hlt. Wolfgang Gerhard stand als Leutnant bereit. Dieter Spicks behielt den Posten des Feldwebels. Im Dezember 1987 verstarb unser aktives Mitglied Horst Progscha (30 Jahre).Ihm folgten 1988 Wilhelm Nettesheim (56), 1990 Paul Hilgers (45), 1991 Georg Gesch (72), liebevoll \u201eOnkel Schorsch\u201c genannt, 1994 Hubert Angenendt (65), 2000 Gerd Offergeld ( ), 2009 Heiner Kuschel (69), 2024 Dieter Spicks (69).Wir m\u00f6chten uns bei allen verstorbenen Mitgliedern \u00a0f\u00fcr die viele und m\u00fchevolle Arbeit f\u00fcr den Zug bedanken.Danke, dass ihr ein Teil unserer Geschichte wart und unseren Verein zu dem gemacht habt, was er heute ist. Zwischenzeitlich kam auch der Gedanke ans Aufh\u00f6ren, doch dies w\u00e4re sicher nicht im Sinne\u00a0\u00a0 unserer lieben Verstorbenen gewesen. Also gaben wir nicht auf. Jeder einzelne machte sich Gedanken, wen man fragen k\u00f6nnte, um unseren Zug zu verst\u00e4rken. So schafften wir es die erforderliche Mitgliederzahl f\u00fcr die Sch\u00fctzenfesttage zu erreichen. Zur Zeit haben wir 19 Mitglieder, davon sind 12 aktiv und marschieren bei den Umz\u00fcgen des Sch\u00fctzenfestes mit. Zugf\u00fchrung heute Dieter Spicks gab den Posten des Feldwebels f\u00fcr ein Jahr an Rainer Krings, dieser wiederum an J\u00fcrgen Hilgers weiter. Nach langem Warten hat Kai Beilfuss endlich seinen Traumposten als Feldwebel bekommen. Nach unserem 25 j\u00e4hrigem Jubil\u00e4um stellten auch Theo Fenes und Wolfgang Gerhard ihre \u00c4mter zur Verf\u00fcgung. Dietmar Hilgers wurde zum neuen Oberleutnant gew\u00e4hlt. Leutnant wurde erst Willi Nettesheim, dann Carsten Beilfu\u00df und dieser trat das Amt an Thomas B\u00fcsdorf ab. Woraufhin dann Christian Dietzel zum Leutnant ernannt wurde. Zuglokal Auch das Vereinslokal wurde seit der Gr\u00fcndung des Zuges mehrmals gewechselt. So f\u00fchrte unser Weg von der Gastst\u00e4tte \u201eBeim Pitter\u201c zur \u201eHochhausschenke\u201c, zum \u201eGrenzland\u201c dann wieder \u201eBeim Pitter\u201c. Hiernach kam der Wechsel zum \u201eHermkes Bur\u201c, wo wir viele Jahre blieben. Seit 2009 sind wir in der \u201eGastst\u00e4tte Pullen\u201c beheimatet, wo wir uns sehr wohl f\u00fchlen.Seit 2014 mussten wir unser Zuglokal nochmal wechseln. Wir haben bei der Gastst\u00e4tte &#8220; Pesch &#8220; unser neues zu hause gefunden. Unser Jupp bedient uns seit dem f\u00fcrstlich.Nach der Schlie\u00dfung des Lokals mussten wir seitdem noch zweimal unser Zuglokal wechseln.Zurzeit haben wir im Haus Obererft unser neues Zuglokal gefunden. Marschmusik F\u00fcr die musikalische Untermalung an den Sch\u00fctzenfesttagen konnten wir schon seit mehr als 35 Jahren den Spielmannszug \u201eGr\u00fcn Wei\u00df Lohn\u201c f\u00fcr uns gewinnen. Zum diesem Spielmannszug, welcher Sch\u00fctzenfestsonntag f\u00fcr uns spielt, pflegen wir ein freundschaftliches Verh\u00e4ltnis. Zugk\u00f6nige \u00a0\u00a0\u00a0\u00a0\u00a0\u00a0\u00a0\u00a0\u00a0\u00a0\u00a0\u00a0\u00a0\u00a0\u00a0\u00a0\u00a0\u00a0 1972\/73 Karl I.\u00a0\u00a0\u00a0\u00a0\u00a0\u00a0\u00a0\u00a0\u00a0\u00a0\u00a0\u00a0\u00a0\u00a0\u00a0\u00a0\u00a0\u00a0 \u00a0\u00a0\u00a0\u00a0\u00a0\u00a0\u00a0\u00a0\u00a0\u00a0\u00a0\u00a0 1973\/74 Michel I. \u00a0\u00a0\u00a0\u00a0\u00a0\u00a0\u00a0\u00a0\u00a0\u00a0\u00a0\u00a0\u00a0\u00a0\u00a0\u00a0\u00a0\u00a0 1974\/75 G\u00fcnther I.\u00a0\u00a0\u00a0\u00a0\u00a0\u00a0\u00a0\u00a0\u00a0\u00a0 \u00a0\u00a0\u00a0\u00a0\u00a0\u00a0\u00a0\u00a0\u00a0\u00a0\u00a0\u00a0\u00a0\u00a0\u00a0 1975\/76 Heinz-Lorenz I. \u00a0\u00a0\u00a0\u00a0\u00a0\u00a0\u00a0\u00a0\u00a0\u00a0\u00a0\u00a0\u00a0\u00a0\u00a0\u00a0\u00a0\u00a0 1976\/77 Theo I.\u00a0\u00a0\u00a0\u00a0\u00a0\u00a0\u00a0\u00a0\u00a0\u00a0\u00a0\u00a0\u00a0\u00a0\u00a0\u00a0\u00a0\u00a0\u00a0\u00a0\u00a0\u00a0\u00a0\u00a0\u00a0\u00a0\u00a0\u00a0\u00a0\u00a0 1977\/78 Dieter I \u00a0\u00a0\u00a0\u00a0\u00a0\u00a0\u00a0\u00a0\u00a0\u00a0\u00a0\u00a0\u00a0\u00a0\u00a0\u00a0\u00a0\u00a0 1978\/79 Willi I.\u00a0\u00a0\u00a0\u00a0\u00a0\u00a0\u00a0\u00a0\u00a0\u00a0\u00a0\u00a0\u00a0\u00a0\u00a0\u00a0\u00a0\u00a0\u00a0\u00a0\u00a0\u00a0\u00a0\u00a0\u00a0\u00a0\u00a0\u00a0\u00a0\u00a0\u00a0 1979\/80 Horst<\/p>\n","protected":false},"author":1,"featured_media":0,"parent":0,"menu_order":0,"comment_status":"closed","ping_status":"closed","template":"elementor_canvas","meta":{"footnotes":""},"class_list":["post-136","page","type-page","status-publish","hentry"],"_links":{"self":[{"href":"https:\/\/jvs1972.de\/index.php\/wp-json\/wp\/v2\/pages\/136","targetHints":{"allow":["GET"]}}],"collection":[{"href":"https:\/\/jvs1972.de\/index.php\/wp-json\/wp\/v2\/pages"}],"about":[{"href":"https:\/\/jvs1972.de\/index.php\/wp-json\/wp\/v2\/types\/page"}],"author":[{"embeddable":true,"href":"https:\/\/jvs1972.de\/index.php\/wp-json\/wp\/v2\/users\/1"}],"replies":[{"embeddable":true,"href":"https:\/\/jvs1972.de\/index.php\/wp-json\/wp\/v2\/comments?post=136"}],"version-history":[{"count":10,"href":"https:\/\/jvs1972.de\/index.php\/wp-json\/wp\/v2\/pages\/136\/revisions"}],"predecessor-version":[{"id":282,"href":"https:\/\/jvs1972.de\/index.php\/wp-json\/wp\/v2\/pages\/136\/revisions\/282"}],"wp:attachment":[{"href":"https:\/\/jvs1972.de\/index.php\/wp-json\/wp\/v2\/media?parent=136"}],"curies":[{"name":"wp","href":"https:\/\/api.w.org\/{rel}","templated":true}]}}